{"id":3151,"date":"2018-09-12T13:51:02","date_gmt":"2018-09-12T13:51:02","guid":{"rendered":"https:\/\/backpacktraveler.qodeinteractive.com\/?page_id=3151"},"modified":"2018-09-12T13:51:02","modified_gmt":"2018-09-12T13:51:02","slug":"destination-list","status":"publish","type":"page","link":"https:\/\/familleglobetrotteuse.com\/?page_id=3151","title":{"rendered":"Destination List"},"content":{"rendered":"<p>[vc_row row_content_width=&#8221;grid&#8221; content_text_aligment=&#8221;center&#8221; css=&#8221;.vc_custom_1538646965542{padding-top: 120px !important;padding-bottom: 14px !important;}&#8221;][vc_column]<div class=\"mkdf-destination-list-holder mkdf-grid-list mkdf-pl-gallery mkdf-four-columns mkdf-normal-space mkdf-pl-standard-shader  mkdf-pl-pag-no-pagination    \"  data-type=gallery data-number-of-columns=four data-space-between-items=normal data-number-of-items=8 data-image-proportions=full data-orderby=date data-order=ASC data-item-style=standard-shader data-enable-title=yes data-enable-category=yes data-enable-excerpt=no data-excerpt-length=20 data-pagination-type=no-pagination data-enable-article-animation=no data-destination-slider-on=no data-enable-loop=yes data-enable-autoplay=yes data-slider-speed=5000 data-slider-speed-animation=600 data-enable-navigation=yes data-enable-pagination=yes data-max-num-pages=1 data-next-page=2>\n\t<div class=\"mkdf-pl-inner mkdf-outer-space  clearfix\">\n        \t\t<article class=\"mkdf-pl-item mkdf-item-space  post-6671 destination-item type-destination-item status-publish hentry\">\n\t<div class=\"mkdf-pl-item-inner\">\n\t\t\n<a itemprop=\"url\" href=\"https:\/\/familleglobetrotteuse.com\/?destination-item=this-is-a-test-destination-item-for-the-map\" target=\"_self\">\n<div class=\"mkdf-pli-image\">\n\t\t\t<img itemprop=\"image\" class=\"mkdf-pl-original-image\" width=\"800\" height=\"600\" src=\"https:\/\/familleglobetrotteuse.com\/wp-content\/plugins\/backpacktraveler-core\/post-types\/destination\/assets\/img\/destination_featured_image.jpg\" alt=\"Destination Featured Image\" \/>\n\t<\/div><\/a>\n\n<div class=\"mkdf-pli-text-holder\" >\n\t<div class=\"mkdf-pli-text-wrapper\">\n\t\t<div class=\"mkdf-pli-text\">\n            \n            \t<span itemprop=\"name\" class=\"mkdf-pli-title entry-title\" >\n\t\tThis is a test destination item for the map\t<\/span>\n\n\t\t\t\n            <a itemprop=\"url\" href=\"https:\/\/familleglobetrotteuse.com\/?destination-item=this-is-a-test-destination-item-for-the-map\" target=\"_self\"  class=\"mkdf-btn mkdf-btn-medium mkdf-btn-outline\"  >    <span class=\"mkdf-btn-text\">Explore<\/span>    <\/a>\n        <\/div>\n\t<\/div>\n<\/div>\n            <\/div>\n<\/article><article class=\"mkdf-pl-item mkdf-item-space  post-6674 destination-item type-destination-item status-publish hentry\">\n\t<div class=\"mkdf-pl-item-inner\">\n\t\t\n<a itemprop=\"url\" href=\"https:\/\/familleglobetrotteuse.com\/?destination-item=deuxieme-test\" target=\"_self\">\n<div class=\"mkdf-pli-image\">\n\t\t\t<img itemprop=\"image\" class=\"mkdf-pl-original-image\" width=\"800\" height=\"600\" src=\"https:\/\/familleglobetrotteuse.com\/wp-content\/plugins\/backpacktraveler-core\/post-types\/destination\/assets\/img\/destination_featured_image.jpg\" alt=\"Destination Featured Image\" \/>\n\t<\/div><\/a>\n\n<div class=\"mkdf-pli-text-holder\" >\n\t<div class=\"mkdf-pli-text-wrapper\">\n\t\t<div class=\"mkdf-pli-text\">\n            \n            \t<span itemprop=\"name\" class=\"mkdf-pli-title entry-title\" >\n\t\tdeuxieme test\t<\/span>\n\n\t\t\t\n            <a itemprop=\"url\" href=\"https:\/\/familleglobetrotteuse.com\/?destination-item=deuxieme-test\" target=\"_self\"  class=\"mkdf-btn mkdf-btn-medium mkdf-btn-outline\"  >    <span class=\"mkdf-btn-text\">Explore<\/span>    <\/a>\n        <\/div>\n\t<\/div>\n<\/div>\n            <\/div>\n<\/article><article class=\"mkdf-pl-item mkdf-item-space  post-6676 destination-item type-destination-item status-publish hentry\">\n\t<div class=\"mkdf-pl-item-inner\">\n\t\t\n<a itemprop=\"url\" href=\"https:\/\/familleglobetrotteuse.com\/?destination-item=3-ngay-o-rome\" target=\"_self\">\n<div class=\"mkdf-pli-image\">\n\t\t\t<img itemprop=\"image\" class=\"mkdf-pl-original-image\" width=\"800\" height=\"600\" src=\"https:\/\/familleglobetrotteuse.com\/wp-content\/plugins\/backpacktraveler-core\/post-types\/destination\/assets\/img\/destination_featured_image.jpg\" alt=\"Destination Featured Image\" \/>\n\t<\/div><\/a>\n\n<div class=\"mkdf-pli-text-holder\" >\n\t<div class=\"mkdf-pli-text-wrapper\">\n\t\t<div class=\"mkdf-pli-text\">\n            <img itemprop=\"image\" class=\"mkdf-destination-additional-image\" src=\"http:\/\/familleglobetrotteuse.com\/wp-content\/uploads\/2018\/09\/india-destination-3.jpg\" alt=\"Destination Additional Image\" \/>\n\n            \t<span itemprop=\"name\" class=\"mkdf-pli-title entry-title\" >\n\t\t3 NG\u00c0Y \u1ede ROME\t<\/span>\n\n\t\t\t\n            <a itemprop=\"url\" href=\"https:\/\/familleglobetrotteuse.com\/?destination-item=3-ngay-o-rome\" target=\"_self\"  class=\"mkdf-btn mkdf-btn-medium mkdf-btn-outline\"  >    <span class=\"mkdf-btn-text\">Explore<\/span>    <\/a>\n        <\/div>\n\t<\/div>\n<\/div>\n            <\/div>\n<\/article><article class=\"mkdf-pl-item mkdf-item-space  post-6677 destination-item type-destination-item status-publish hentry\">\n\t<div class=\"mkdf-pl-item-inner\">\n\t\t\n<a itemprop=\"url\" href=\"https:\/\/familleglobetrotteuse.com\/?destination-item=dia-diem-ua-thich-o-amsterdam\" target=\"_self\">\n<div class=\"mkdf-pli-image\">\n\t\t\t<img itemprop=\"image\" class=\"mkdf-pl-original-image\" width=\"800\" height=\"600\" src=\"https:\/\/familleglobetrotteuse.com\/wp-content\/plugins\/backpacktraveler-core\/post-types\/destination\/assets\/img\/destination_featured_image.jpg\" alt=\"Destination Featured Image\" \/>\n\t<\/div><\/a>\n\n<div class=\"mkdf-pli-text-holder\" >\n\t<div class=\"mkdf-pli-text-wrapper\">\n\t\t<div class=\"mkdf-pli-text\">\n            \n            \t<span itemprop=\"name\" class=\"mkdf-pli-title entry-title\" >\n\t\t\u0110\u1ecaA \u0110I\u1ec2M \u01afA TH\u00cdCH \u1ede AMSTERDAM\t<\/span>\n\n\t\t\t\n            <a itemprop=\"url\" href=\"https:\/\/familleglobetrotteuse.com\/?destination-item=dia-diem-ua-thich-o-amsterdam\" target=\"_self\"  class=\"mkdf-btn mkdf-btn-medium mkdf-btn-outline\"  >    <span class=\"mkdf-btn-text\">Explore<\/span>    <\/a>\n        <\/div>\n\t<\/div>\n<\/div>\n            <\/div>\n<\/article><article class=\"mkdf-pl-item mkdf-item-space  post-6678 destination-item type-destination-item status-publish hentry\">\n\t<div class=\"mkdf-pl-item-inner\">\n\t\t\n<a itemprop=\"url\" href=\"https:\/\/familleglobetrotteuse.com\/?destination-item=o-sai-gon-choi-dau-an-gi\" target=\"_self\">\n<div class=\"mkdf-pli-image\">\n\t\t\t<img itemprop=\"image\" class=\"mkdf-pl-original-image\" width=\"800\" height=\"600\" src=\"https:\/\/familleglobetrotteuse.com\/wp-content\/plugins\/backpacktraveler-core\/post-types\/destination\/assets\/img\/destination_featured_image.jpg\" alt=\"Destination Featured Image\" \/>\n\t<\/div><\/a>\n\n<div class=\"mkdf-pli-text-holder\" >\n\t<div class=\"mkdf-pli-text-wrapper\">\n\t\t<div class=\"mkdf-pli-text\">\n            <img itemprop=\"image\" class=\"mkdf-destination-additional-image\" src=\"http:\/\/familleglobetrotteuse.com\/wp-content\/uploads\/2022\/12\/Logo-family-vlog-scaled-e1670401829327.jpg\" alt=\"Destination Additional Image\" \/>\n\n            \t<span itemprop=\"name\" class=\"mkdf-pli-title entry-title\" >\n\t\t\u1ede S\u00c0I G\u00d2N &#8211; CH\u01a0I \u0110\u00c2U &#038; \u0102N G\u00cc???\t<\/span>\n\n\t\t\t\n            <a itemprop=\"url\" href=\"https:\/\/familleglobetrotteuse.com\/?destination-item=o-sai-gon-choi-dau-an-gi\" target=\"_self\"  class=\"mkdf-btn mkdf-btn-medium mkdf-btn-outline\"  >    <span class=\"mkdf-btn-text\">Explore<\/span>    <\/a>\n        <\/div>\n\t<\/div>\n<\/div>\n            <\/div>\n<\/article><article class=\"mkdf-pl-item mkdf-item-space  post-6679 destination-item type-destination-item status-publish hentry\">\n\t<div class=\"mkdf-pl-item-inner\">\n\t\t\n<a itemprop=\"url\" href=\"https:\/\/familleglobetrotteuse.com\/?destination-item=o-dong-thap-choi-dau-an-gi\" target=\"_self\">\n<div class=\"mkdf-pli-image\">\n\t\t\t<img itemprop=\"image\" class=\"mkdf-pl-original-image\" width=\"800\" height=\"600\" src=\"https:\/\/familleglobetrotteuse.com\/wp-content\/plugins\/backpacktraveler-core\/post-types\/destination\/assets\/img\/destination_featured_image.jpg\" alt=\"Destination Featured Image\" \/>\n\t<\/div><\/a>\n\n<div class=\"mkdf-pli-text-holder\" >\n\t<div class=\"mkdf-pli-text-wrapper\">\n\t\t<div class=\"mkdf-pli-text\">\n            <img itemprop=\"image\" class=\"mkdf-destination-additional-image\" src=\"http:\/\/familleglobetrotteuse.com\/wp-content\/uploads\/2022\/12\/56d2457b099b07e13f59211e07ebbed8.jpg\" alt=\"Destination Additional Image\" \/>\n\n            \t<span itemprop=\"name\" class=\"mkdf-pli-title entry-title\" >\n\t\t\u1ede \u0110\u1ed2NG TH\u00c1P &#8211; CH\u01a0I \u0110\u00c2U &#038; \u0102N G\u00cc?\t<\/span>\n\n\t\t\t\n            <a itemprop=\"url\" href=\"https:\/\/familleglobetrotteuse.com\/?destination-item=o-dong-thap-choi-dau-an-gi\" target=\"_self\"  class=\"mkdf-btn mkdf-btn-medium mkdf-btn-outline\"  >    <span class=\"mkdf-btn-text\">Explore<\/span>    <\/a>\n        <\/div>\n\t<\/div>\n<\/div>\n            <\/div>\n<\/article><article class=\"mkdf-pl-item mkdf-item-space  post-6680 destination-item type-destination-item status-publish hentry\">\n\t<div class=\"mkdf-pl-item-inner\">\n\t\t\n<a itemprop=\"url\" href=\"https:\/\/familleglobetrotteuse.com\/?destination-item=o-can-tho-choi-dau-an-gi\" target=\"_self\">\n<div class=\"mkdf-pli-image\">\n\t\t\t<img itemprop=\"image\" class=\"mkdf-pl-original-image\" width=\"800\" height=\"600\" src=\"https:\/\/familleglobetrotteuse.com\/wp-content\/plugins\/backpacktraveler-core\/post-types\/destination\/assets\/img\/destination_featured_image.jpg\" alt=\"Destination Featured Image\" \/>\n\t<\/div><\/a>\n\n<div class=\"mkdf-pli-text-holder\" >\n\t<div class=\"mkdf-pli-text-wrapper\">\n\t\t<div class=\"mkdf-pli-text\">\n            <img itemprop=\"image\" class=\"mkdf-destination-additional-image\" src=\"http:\/\/familleglobetrotteuse.com\/wp-content\/uploads\/2022\/12\/62f3e7b29bb1d58c563db9c56aba6162.jpeg\" alt=\"Destination Additional Image\" \/>\n\n            \t<span itemprop=\"name\" class=\"mkdf-pli-title entry-title\" >\n\t\t\u1ede C\u1ea6N TH\u01a0 &#8211; CH\u01a0I \u0110\u00c2U &#038; \u0102N G\u00cc?\t<\/span>\n\n\t\t\t\n            <a itemprop=\"url\" href=\"https:\/\/familleglobetrotteuse.com\/?destination-item=o-can-tho-choi-dau-an-gi\" target=\"_self\"  class=\"mkdf-btn mkdf-btn-medium mkdf-btn-outline\"  >    <span class=\"mkdf-btn-text\">Explore<\/span>    <\/a>\n        <\/div>\n\t<\/div>\n<\/div>\n            <\/div>\n<\/article><article class=\"mkdf-pl-item mkdf-item-space  post-6681 destination-item type-destination-item status-publish hentry\">\n\t<div class=\"mkdf-pl-item-inner\">\n\t\t\n<a itemprop=\"url\" href=\"https:\/\/familleglobetrotteuse.com\/?destination-item=o-an-giang-chau-doc-choi-dau-an-gi\" target=\"_self\">\n<div class=\"mkdf-pli-image\">\n\t\t\t<img itemprop=\"image\" class=\"mkdf-pl-original-image\" width=\"800\" height=\"600\" src=\"https:\/\/familleglobetrotteuse.com\/wp-content\/plugins\/backpacktraveler-core\/post-types\/destination\/assets\/img\/destination_featured_image.jpg\" alt=\"Destination Featured Image\" \/>\n\t<\/div><\/a>\n\n<div class=\"mkdf-pli-text-holder\" >\n\t<div class=\"mkdf-pli-text-wrapper\">\n\t\t<div class=\"mkdf-pli-text\">\n            <img itemprop=\"image\" class=\"mkdf-destination-additional-image\" src=\"http:\/\/familleglobetrotteuse.com\/wp-content\/uploads\/2018\/08\/brazil-single-2-2.jpg\" alt=\"Destination Additional Image\" \/>\n\n            \t<span itemprop=\"name\" class=\"mkdf-pli-title entry-title\" >\n\t\t\u1ede AN GIANG\/CH\u00c2U \u0110\u1ed0C &#8211; CH\u01a0I \u0110\u00c2U &#038; \u0102N G\u00cc?\t<\/span>\n\n\t\t\t\n            <a itemprop=\"url\" href=\"https:\/\/familleglobetrotteuse.com\/?destination-item=o-an-giang-chau-doc-choi-dau-an-gi\" target=\"_self\"  class=\"mkdf-btn mkdf-btn-medium mkdf-btn-outline\"  >    <span class=\"mkdf-btn-text\">Explore<\/span>    <\/a>\n        <\/div>\n\t<\/div>\n<\/div>\n            <\/div>\n<\/article>        \t<\/div>\n\t\n\t<\/div>[\/vc_column][\/vc_row]<\/p>\n","protected":false},"excerpt":{"rendered":"<p>[vc_row row_content_width=&#8221;grid&#8221; content_text_aligment=&#8221;center&#8221; css=&#8221;.vc_custom_1538646965542{padding-top: 120px !important;padding-bottom: 14px !important;}&#8221;][vc_column][\/vc_column][\/vc_row]<\/p>\n","protected":false},"author":1,"featured_media":0,"parent":2860,"menu_order":0,"comment_status":"closed","ping_status":"closed","template":"full-width.php","meta":[],"_links":{"self":[{"href":"https:\/\/familleglobetrotteuse.com\/index.php?rest_route=\/wp\/v2\/pages\/3151"}],"collection":[{"href":"https:\/\/familleglobetrotteuse.com\/index.php?rest_route=\/wp\/v2\/pages"}],"about":[{"href":"https:\/\/familleglobetrotteuse.com\/index.php?rest_route=\/wp\/v2\/types\/page"}],"author":[{"embeddable":true,"href":"https:\/\/familleglobetrotteuse.com\/index.php?rest_route=\/wp\/v2\/users\/1"}],"replies":[{"embeddable":true,"href":"https:\/\/familleglobetrotteuse.com\/index.php?rest_route=%2Fwp%2Fv2%2Fcomments&post=3151"}],"version-history":[{"count":0,"href":"https:\/\/familleglobetrotteuse.com\/index.php?rest_route=\/wp\/v2\/pages\/3151\/revisions"}],"up":[{"embeddable":true,"href":"https:\/\/familleglobetrotteuse.com\/index.php?rest_route=\/wp\/v2\/pages\/2860"}],"wp:attachment":[{"href":"https:\/\/familleglobetrotteuse.com\/index.php?rest_route=%2Fwp%2Fv2%2Fmedia&parent=3151"}],"curies":[{"name":"wp","href":"https:\/\/api.w.org\/{rel}","templated":true}]}}